{"id":22,"date":"2018-06-11T08:51:21","date_gmt":"2018-06-11T08:51:21","guid":{"rendered":"http:\/\/wp12923871.server-he.de\/?page_id=22"},"modified":"2018-06-21T12:36:12","modified_gmt":"2018-06-21T12:36:12","slug":"antike-moebel","status":"publish","type":"page","link":"http:\/\/oldtimerdurben.de\/?page_id=22","title":{"rendered":"Antike M\u00f6bel"},"content":{"rendered":"<p>Wir haben eine gro\u00dfe Auswahl an ausgefallenen M\u00f6beln im Angebot &#8211; teilweise restauriert, oder im Originalzustand.Viel Spa\u00df beim st\u00f6bern und anschauen.<\/p>\n<p>&nbsp;<\/p>\n<div class=\"pt-cv-wrapper\"><div class=\"pt-cv-view pt-cv-grid pt-cv-colsys\" id=\"pt-cv-view-7b7a3ff4gd\"><div data-id=\"pt-cv-page-1\" class=\"pt-cv-page\" data-cvc=\"3\"><div class=\"col-md-4 col-sm-4 col-xs-12 pt-cv-content-item pt-cv-1-col\" ><div class='pt-cv-ifield'><a href=\"http:\/\/oldtimerdurben.de\/?page_id=56\" class=\"_self pt-cv-href-thumbnail pt-cv-thumb-default\" target=\"_self\" ><img width=\"539\" height=\"402\" src=\"http:\/\/oldtimerdurben.de\/wp-content\/uploads\/2018\/07\/gro\u00dfe-alte-Eichentruhen-Aussteuertruhe-Weichholztruhe.12.18.jpg\" class=\"pt-cv-thumbnail\" alt=\"\" decoding=\"async\" loading=\"lazy\" srcset=\"http:\/\/oldtimerdurben.de\/wp-content\/uploads\/2018\/07\/gro\u00dfe-alte-Eichentruhen-Aussteuertruhe-Weichholztruhe.12.18.jpg 539w, http:\/\/oldtimerdurben.de\/wp-content\/uploads\/2018\/07\/gro\u00dfe-alte-Eichentruhen-Aussteuertruhe-Weichholztruhe.12.18-300x224.jpg 300w\" sizes=\"(max-width: 539px) 100vw, 539px\" \/><\/a>\n<h4 class=\"pt-cv-title\"><a href=\"http:\/\/oldtimerdurben.de\/?page_id=56\" class=\"_self\" target=\"_self\" >Gro\u00dfe M\u00f6bel<\/a><\/h4><\/div><\/div>\n<div class=\"col-md-4 col-sm-4 col-xs-12 pt-cv-content-item pt-cv-1-col\" ><div class='pt-cv-ifield'><a href=\"http:\/\/oldtimerdurben.de\/?page_id=60\" class=\"_self pt-cv-href-thumbnail pt-cv-thumb-default\" target=\"_self\" ><img width=\"480\" height=\"360\" src=\"http:\/\/oldtimerdurben.de\/wp-content\/uploads\/2018\/06\/IMGP1828-1.jpg\" class=\"pt-cv-thumbnail\" alt=\"\" decoding=\"async\" loading=\"lazy\" srcset=\"http:\/\/oldtimerdurben.de\/wp-content\/uploads\/2018\/06\/IMGP1828-1.jpg 480w, http:\/\/oldtimerdurben.de\/wp-content\/uploads\/2018\/06\/IMGP1828-1-300x225.jpg 300w\" sizes=\"(max-width: 480px) 100vw, 480px\" \/><\/a>\n<h4 class=\"pt-cv-title\"><a href=\"http:\/\/oldtimerdurben.de\/?page_id=60\" class=\"_self\" target=\"_self\" >Kleine M\u00f6bel<\/a><\/h4><\/div><\/div>\n<div class=\"col-md-4 col-sm-4 col-xs-12 pt-cv-content-item pt-cv-1-col\" ><div class='pt-cv-ifield'><a href=\"http:\/\/oldtimerdurben.de\/?page_id=58\" class=\"_self pt-cv-href-thumbnail pt-cv-thumb-default\" target=\"_self\" ><img width=\"633\" height=\"442\" src=\"http:\/\/oldtimerdurben.de\/wp-content\/uploads\/2018\/07\/Vogelk\u00e4fig.png\" class=\"pt-cv-thumbnail\" alt=\"\" decoding=\"async\" loading=\"lazy\" srcset=\"http:\/\/oldtimerdurben.de\/wp-content\/uploads\/2018\/07\/Vogelk\u00e4fig.png 633w, http:\/\/oldtimerdurben.de\/wp-content\/uploads\/2018\/07\/Vogelk\u00e4fig-300x209.png 300w\" sizes=\"(max-width: 633px) 100vw, 633px\" \/><\/a>\n<h4 class=\"pt-cv-title\"><a href=\"http:\/\/oldtimerdurben.de\/?page_id=58\" class=\"_self\" target=\"_self\" >Diverses<\/a><\/h4><\/div><\/div><\/div><\/div><\/div>\n","protected":false},"excerpt":{"rendered":"<p>Wir haben eine gro\u00dfe Auswahl an ausgefallenen M\u00f6beln im Angebot &#8211; teilweise restauriert, oder im Originalzustand.Viel Spa\u00df beim st\u00f6bern und anschauen. &nbsp;<\/p>\n","protected":false},"author":1,"featured_media":147,"parent":297,"menu_order":0,"comment_status":"closed","ping_status":"closed","template":"","meta":{"_mi_skip_tracking":false},"yoast_head":"<!-- This site is optimized with the Yoast SEO plugin v19.11 - https:\/\/yoast.com\/wordpress\/plugins\/seo\/ -->\n<title>Antike M\u00f6bel - Oldtimer Durben<\/title>\n<meta name=\"robots\" content=\"index, follow, max-snippet:-1, max-image-preview:large, max-video-preview:-1\" \/>\n<link rel=\"canonical\" href=\"http:\/\/oldtimerdurben.de\/?page_id=22\" \/>\n<meta property=\"og:locale\" content=\"de_DE\" \/>\n<meta property=\"og:type\" content=\"article\" \/>\n<meta property=\"og:title\" content=\"Antike M\u00f6bel - Oldtimer Durben\" \/>\n<meta property=\"og:description\" content=\"Wir haben eine gro\u00dfe Auswahl an ausgefallenen M\u00f6beln im Angebot &#8211; teilweise restauriert, oder im Originalzustand.Viel Spa\u00df beim st\u00f6bern und anschauen. &nbsp;\" \/>\n<meta property=\"og:url\" content=\"http:\/\/oldtimerdurben.de\/?page_id=22\" \/>\n<meta property=\"og:site_name\" content=\"Oldtimer Durben\" \/>\n<meta property=\"article:modified_time\" content=\"2018-06-21T12:36:12+00:00\" \/>\n<meta property=\"og:image\" content=\"http:\/\/oldtimerdurben.de\/wp-content\/uploads\/2018\/06\/IMGP0052-e1529091939102.jpg\" \/>\n\t<meta property=\"og:image:width\" content=\"639\" \/>\n\t<meta property=\"og:image:height\" content=\"480\" \/>\n\t<meta property=\"og:image:type\" content=\"image\/jpeg\" \/>\n<meta name=\"twitter:card\" content=\"summary_large_image\" \/>\n<script type=\"application\/ld+json\" class=\"yoast-schema-graph\">{\"@context\":\"https:\/\/schema.org\",\"@graph\":[{\"@type\":\"WebPage\",\"@id\":\"http:\/\/oldtimerdurben.de\/?page_id=22\",\"url\":\"http:\/\/oldtimerdurben.de\/?page_id=22\",\"name\":\"Antike M\u00f6bel - Oldtimer Durben\",\"isPartOf\":{\"@id\":\"http:\/\/oldtimerdurben.de\/#website\"},\"datePublished\":\"2018-06-11T08:51:21+00:00\",\"dateModified\":\"2018-06-21T12:36:12+00:00\",\"breadcrumb\":{\"@id\":\"http:\/\/oldtimerdurben.de\/?page_id=22#breadcrumb\"},\"inLanguage\":\"de-DE\",\"potentialAction\":[{\"@type\":\"ReadAction\",\"target\":[\"http:\/\/oldtimerdurben.de\/?page_id=22\"]}]},{\"@type\":\"BreadcrumbList\",\"@id\":\"http:\/\/oldtimerdurben.de\/?page_id=22#breadcrumb\",\"itemListElement\":[{\"@type\":\"ListItem\",\"position\":1,\"name\":\"Startseite\",\"item\":\"http:\/\/oldtimerdurben.de\/\"},{\"@type\":\"ListItem\",\"position\":2,\"name\":\"Startseite\",\"item\":\"http:\/\/oldtimerdurben.de\/\"},{\"@type\":\"ListItem\",\"position\":3,\"name\":\"Antike M\u00f6bel\"}]},{\"@type\":\"WebSite\",\"@id\":\"http:\/\/oldtimerdurben.de\/#website\",\"url\":\"http:\/\/oldtimerdurben.de\/\",\"name\":\"Oldtimer Durben\",\"description\":\"Herbert Durben,  Handy: 0171\/7725081, E-Mail: herbert.durben@oldtimer-durben.de\",\"publisher\":{\"@id\":\"http:\/\/oldtimerdurben.de\/#organization\"},\"potentialAction\":[{\"@type\":\"SearchAction\",\"target\":{\"@type\":\"EntryPoint\",\"urlTemplate\":\"http:\/\/oldtimerdurben.de\/?s={search_term_string}\"},\"query-input\":\"required name=search_term_string\"}],\"inLanguage\":\"de-DE\"},{\"@type\":\"Organization\",\"@id\":\"http:\/\/oldtimerdurben.de\/#organization\",\"name\":\"Oldtimer Durben\",\"url\":\"http:\/\/oldtimerdurben.de\/\",\"logo\":{\"@type\":\"ImageObject\",\"inLanguage\":\"de-DE\",\"@id\":\"http:\/\/oldtimerdurben.de\/#\/schema\/logo\/image\/\",\"url\":\"http:\/\/oldtimerdurben.de\/wp-content\/uploads\/2018\/07\/durben-logo-Kopie.png\",\"contentUrl\":\"http:\/\/oldtimerdurben.de\/wp-content\/uploads\/2018\/07\/durben-logo-Kopie.png\",\"width\":2351,\"height\":986,\"caption\":\"Oldtimer Durben\"},\"image\":{\"@id\":\"http:\/\/oldtimerdurben.de\/#\/schema\/logo\/image\/\"}}]}<\/script>\n<!-- \/ Yoast SEO plugin. -->","yoast_head_json":{"title":"Antike M\u00f6bel - Oldtimer Durben","robots":{"index":"index","follow":"follow","max-snippet":"max-snippet:-1","max-image-preview":"max-image-preview:large","max-video-preview":"max-video-preview:-1"},"canonical":"http:\/\/oldtimerdurben.de\/?page_id=22","og_locale":"de_DE","og_type":"article","og_title":"Antike M\u00f6bel - Oldtimer Durben","og_description":"Wir haben eine gro\u00dfe Auswahl an ausgefallenen M\u00f6beln im Angebot &#8211; teilweise restauriert, oder im Originalzustand.Viel Spa\u00df beim st\u00f6bern und anschauen. &nbsp;","og_url":"http:\/\/oldtimerdurben.de\/?page_id=22","og_site_name":"Oldtimer Durben","article_modified_time":"2018-06-21T12:36:12+00:00","og_image":[{"width":639,"height":480,"url":"http:\/\/oldtimerdurben.de\/wp-content\/uploads\/2018\/06\/IMGP0052-e1529091939102.jpg","type":"image\/jpeg"}],"twitter_card":"summary_large_image","schema":{"@context":"https:\/\/schema.org","@graph":[{"@type":"WebPage","@id":"http:\/\/oldtimerdurben.de\/?page_id=22","url":"http:\/\/oldtimerdurben.de\/?page_id=22","name":"Antike M\u00f6bel - Oldtimer Durben","isPartOf":{"@id":"http:\/\/oldtimerdurben.de\/#website"},"datePublished":"2018-06-11T08:51:21+00:00","dateModified":"2018-06-21T12:36:12+00:00","breadcrumb":{"@id":"http:\/\/oldtimerdurben.de\/?page_id=22#breadcrumb"},"inLanguage":"de-DE","potentialAction":[{"@type":"ReadAction","target":["http:\/\/oldtimerdurben.de\/?page_id=22"]}]},{"@type":"BreadcrumbList","@id":"http:\/\/oldtimerdurben.de\/?page_id=22#breadcrumb","itemListElement":[{"@type":"ListItem","position":1,"name":"Startseite","item":"http:\/\/oldtimerdurben.de\/"},{"@type":"ListItem","position":2,"name":"Startseite","item":"http:\/\/oldtimerdurben.de\/"},{"@type":"ListItem","position":3,"name":"Antike M\u00f6bel"}]},{"@type":"WebSite","@id":"http:\/\/oldtimerdurben.de\/#website","url":"http:\/\/oldtimerdurben.de\/","name":"Oldtimer Durben","description":"Herbert Durben,  Handy: 0171\/7725081, E-Mail: herbert.durben@oldtimer-durben.de","publisher":{"@id":"http:\/\/oldtimerdurben.de\/#organization"},"potentialAction":[{"@type":"SearchAction","target":{"@type":"EntryPoint","urlTemplate":"http:\/\/oldtimerdurben.de\/?s={search_term_string}"},"query-input":"required name=search_term_string"}],"inLanguage":"de-DE"},{"@type":"Organization","@id":"http:\/\/oldtimerdurben.de\/#organization","name":"Oldtimer Durben","url":"http:\/\/oldtimerdurben.de\/","logo":{"@type":"ImageObject","inLanguage":"de-DE","@id":"http:\/\/oldtimerdurben.de\/#\/schema\/logo\/image\/","url":"http:\/\/oldtimerdurben.de\/wp-content\/uploads\/2018\/07\/durben-logo-Kopie.png","contentUrl":"http:\/\/oldtimerdurben.de\/wp-content\/uploads\/2018\/07\/durben-logo-Kopie.png","width":2351,"height":986,"caption":"Oldtimer Durben"},"image":{"@id":"http:\/\/oldtimerdurben.de\/#\/schema\/logo\/image\/"}}]}},"_links":{"self":[{"href":"http:\/\/oldtimerdurben.de\/index.php?rest_route=\/wp\/v2\/pages\/22"}],"collection":[{"href":"http:\/\/oldtimerdurben.de\/index.php?rest_route=\/wp\/v2\/pages"}],"about":[{"href":"http:\/\/oldtimerdurben.de\/index.php?rest_route=\/wp\/v2\/types\/page"}],"author":[{"embeddable":true,"href":"http:\/\/oldtimerdurben.de\/index.php?rest_route=\/wp\/v2\/users\/1"}],"replies":[{"embeddable":true,"href":"http:\/\/oldtimerdurben.de\/index.php?rest_route=%2Fwp%2Fv2%2Fcomments&post=22"}],"version-history":[{"count":15,"href":"http:\/\/oldtimerdurben.de\/index.php?rest_route=\/wp\/v2\/pages\/22\/revisions"}],"predecessor-version":[{"id":216,"href":"http:\/\/oldtimerdurben.de\/index.php?rest_route=\/wp\/v2\/pages\/22\/revisions\/216"}],"up":[{"embeddable":true,"href":"http:\/\/oldtimerdurben.de\/index.php?rest_route=\/wp\/v2\/pages\/297"}],"wp:featuredmedia":[{"embeddable":true,"href":"http:\/\/oldtimerdurben.de\/index.php?rest_route=\/wp\/v2\/media\/147"}],"wp:attachment":[{"href":"http:\/\/oldtimerdurben.de\/index.php?rest_route=%2Fwp%2Fv2%2Fmedia&parent=22"}],"curies":[{"name":"wp","href":"https:\/\/api.w.org\/{rel}","templated":true}]}}